{"id":2187,"date":"2025-05-06T16:15:16","date_gmt":"2025-05-06T14:15:16","guid":{"rendered":"https:\/\/steinerne-zeugen.digital\/imprint\/"},"modified":"2025-10-06T11:46:50","modified_gmt":"2025-10-06T09:46:50","slug":"imprint","status":"publish","type":"page","link":"https:\/\/steinerne-zeugen.digital\/en\/imprint\/","title":{"rendered":"Imprint"},"content":{"rendered":"<div class=\"fusion-fullwidth fullwidth-box fusion-builder-row-1 fusion-flex-container has-pattern-background has-mask-background nonhundred-percent-fullwidth non-hundred-percent-height-scrolling\" style=\"--awb-border-radius-top-left:0px;--awb-border-radius-top-right:0px;--awb-border-radius-bottom-right:0px;--awb-border-radius-bottom-left:0px;--awb-flex-wrap:wrap;\" ><div class=\"fusion-builder-row fusion-row fusion-flex-align-items-flex-start fusion-flex-content-wrap\" style=\"max-width:1248px;margin-left: calc(-4% \/ 2 );margin-right: calc(-4% \/ 2 );\"><div class=\"fusion-layout-column fusion_builder_column fusion-builder-column-0 fusion-flex-column\" style=\"--awb-bg-size:cover;--awb-width-large:14.28%;--awb-margin-top-large:0px;--awb-spacing-right-large:13.4453781513%;--awb-margin-bottom-large:0px;--awb-spacing-left-large:13.4453781513%;--awb-width-medium:14.28%;--awb-order-medium:0;--awb-spacing-right-medium:13.4453781513%;--awb-spacing-left-medium:13.4453781513%;--awb-width-small:100%;--awb-order-small:0;--awb-spacing-right-small:1.92%;--awb-spacing-left-small:1.92%;\" data-scroll-devices=\"small-visibility,medium-visibility,large-visibility\"><div class=\"fusion-column-wrapper fusion-column-has-shadow fusion-flex-justify-content-flex-start fusion-content-layout-column\"><\/div><\/div><div class=\"fusion-layout-column fusion_builder_column fusion-builder-column-1 fusion-flex-column\" style=\"--awb-bg-size:cover;--awb-width-large:71.44%;--awb-margin-top-large:0px;--awb-spacing-right-large:2.6875699888%;--awb-margin-bottom-large:0px;--awb-spacing-left-large:2.6875699888%;--awb-width-medium:71.44%;--awb-order-medium:0;--awb-spacing-right-medium:2.6875699888%;--awb-spacing-left-medium:2.6875699888%;--awb-width-small:100%;--awb-order-small:0;--awb-spacing-right-small:1.92%;--awb-spacing-left-small:1.92%;\" data-scroll-devices=\"small-visibility,medium-visibility,large-visibility\"><div class=\"fusion-column-wrapper fusion-column-has-shadow fusion-flex-justify-content-flex-start fusion-content-layout-column\"><div class=\"fusion-title title fusion-title-1 fusion-sep-none fusion-title-text fusion-title-size-one\" style=\"--awb-margin-top-small:0px;--awb-margin-right-small:0px;--awb-margin-bottom-small:20px;--awb-margin-left-small:0px;--awb-font-size:var(--awb-typography1-font-size);\"><h1 class=\"fusion-title-heading title-heading-left\" style=\"font-family:var(--awb-typography1-font-family);font-weight:var(--awb-typography1-font-weight);font-style:var(--awb-typography1-font-style);margin:0;letter-spacing:var(--awb-typography1-letter-spacing);text-transform:var(--awb-typography1-text-transform);font-size:1em;line-height:var(--awb-typography1-line-height);\">Imprint<\/h1><\/div><div class=\"fusion-text fusion-text-1\"><p>Salomon Ludwig Steinheim Institute<br \/>\nfor German-Jewish History at the University of Duisburg-Essen<\/p>\n<p>Edmund-K\u00f6rner-Platz 2<br \/>\n45127 Essen<\/p>\n<p>Phone: +49(0)201-20164434<br \/>\nFax: +49(0)201-82162916<br \/>\nsteinheim (at) steinheim-institut.org<\/p>\n<h3>Represented by:<\/h3>\n<p>Prof. Dr. Lucia Raspe<\/p>\n<p>The Steinheim Institute is a member of the Johannes Rau Research Foundation (JRF). The JRF institutes are institutionally funded by the state of NRW.<\/p>\n<p>Otto-Friedrich-Universit\u00e4t Bamberg<br \/>\nKapuzinerstra\u00dfe 16<br \/>\n96047 Bamberg<br \/>\nPhone 0951 863-0<br \/>\nFax 0951 863-1005<br \/>\npost(at)uni-bamberg.de<br \/>\nwww.uni-bamberg.de<\/p>\n<h3>Represented by:<\/h3>\n<p>The Otto Friedrich University of Bamberg is legally represented by the Chairman of the University Executive Board, President Prof. Dr. Kai Fischbach. The person responsible within the meaning of Section 5 of the Digital Services Act and Section 18 of the Interstate Media Treaty is the President.<\/p>\n<p>The responsibility for contributions identified by name or with a separate imprint lies with the respective authors.<\/p>\n<h3>Sales tax ID<\/h3>\n<p>Sales tax identification number according to \u00a7 27 a Umsatzsteuergesetz:<br \/>\nThe Steinheim Institute has the tax number 111\/5784\/2250. The University of Bamberg has the tax number 207\/147\/30011 and the VAT ID DE 811 283 362.<\/p>\n<h3>Editorial responsibility<\/h3>\n<p>Prof. Dr. Mona Hess<br \/>\nOtto-Friedrich-University Bamberg<br \/>\nChair of Digital Monument Technologies<br \/>\nAm Zwinger 4 (Villa)<br \/>\n96047 Bamberg<\/p>\n<p>Prof. Dr. Lucia Raspe<br \/>\nSalomon Ludwig Steinheim-Institut<br \/>\nf\u00fcr deutsch-j\u00fcdische Geschichte e.V. an der Universit\u00e4t Duisburg-Essen<br \/>\nEdmund-K\u00f6rner-Platz 2<br \/>\n45127 Essen<\/p>\n<p>Prof. Dr. Susanne Talabardon<br \/>\nOtto-Friedrich-Universit\u00e4t Bamberg<br \/>\nProfessorship of Jewish Studies<br \/>\nAn der Universit\u00e4t 5<br \/>\n96047 Bamberg<\/p>\n<p>Portrait photos: Alex Muchnik, <a href=\"https:\/\/eventfotograf.in\/\" target=\"_blank\" rel=\"noopener\">eventfotograf.in<\/a><\/p>\n<h3>Website implementation<\/h3>\n<p>Concept &amp; Design:  <a href=\"https:\/\/www.edel-forst.de\/\">edel &amp; forst<\/a> &#8211; Studio for communication design, Hamburg<\/p>\n<p>Web development &amp; programming: <a href=\"https:\/\/p1xel.net\/\">P1XEL <\/a>| Ingo Bartsch<\/p>\n<h3>Consumer dispute resolution\/universal arbitration board<\/h3>\n<p>We are not willing or obliged to participate in dispute resolution proceedings before a consumer arbitration board.<\/p>\n<\/div><\/div><\/div><div class=\"fusion-layout-column fusion_builder_column fusion-builder-column-2 fusion-flex-column\" style=\"--awb-bg-size:cover;--awb-width-large:14.28%;--awb-margin-top-large:0px;--awb-spacing-right-large:13.4453781513%;--awb-margin-bottom-large:0px;--awb-spacing-left-large:13.4453781513%;--awb-width-medium:14.28%;--awb-order-medium:0;--awb-spacing-right-medium:13.4453781513%;--awb-spacing-left-medium:13.4453781513%;--awb-width-small:100%;--awb-order-small:0;--awb-spacing-right-small:1.92%;--awb-spacing-left-small:1.92%;\" data-scroll-devices=\"small-visibility,medium-visibility,large-visibility\"><div class=\"fusion-column-wrapper fusion-column-has-shadow fusion-flex-justify-content-flex-start fusion-content-layout-column\"><\/div><\/div><\/div><\/div>\n","protected":false},"excerpt":{"rendered":"","protected":false},"author":1,"featured_media":0,"parent":0,"menu_order":0,"comment_status":"closed","ping_status":"open","template":"","meta":{"_acf_changed":false,"footnotes":""},"class_list":["post-2187","page","type-page","status-publish","hentry"],"acf":[],"_links":{"self":[{"href":"https:\/\/steinerne-zeugen.digital\/en\/wp-json\/wp\/v2\/pages\/2187","targetHints":{"allow":["GET"]}}],"collection":[{"href":"https:\/\/steinerne-zeugen.digital\/en\/wp-json\/wp\/v2\/pages"}],"about":[{"href":"https:\/\/steinerne-zeugen.digital\/en\/wp-json\/wp\/v2\/types\/page"}],"author":[{"embeddable":true,"href":"https:\/\/steinerne-zeugen.digital\/en\/wp-json\/wp\/v2\/users\/1"}],"replies":[{"embeddable":true,"href":"https:\/\/steinerne-zeugen.digital\/en\/wp-json\/wp\/v2\/comments?post=2187"}],"version-history":[{"count":8,"href":"https:\/\/steinerne-zeugen.digital\/en\/wp-json\/wp\/v2\/pages\/2187\/revisions"}],"predecessor-version":[{"id":2404,"href":"https:\/\/steinerne-zeugen.digital\/en\/wp-json\/wp\/v2\/pages\/2187\/revisions\/2404"}],"wp:attachment":[{"href":"https:\/\/steinerne-zeugen.digital\/en\/wp-json\/wp\/v2\/media?parent=2187"}],"curies":[{"name":"wp","href":"https:\/\/api.w.org\/{rel}","templated":true}]}}